{"id":183,"date":"2026-01-08T11:41:29","date_gmt":"2026-01-08T14:41:29","guid":{"rendered":"https:\/\/paranaeletrica.com.br\/?page_id=183"},"modified":"2026-01-29T16:20:36","modified_gmt":"2026-01-29T19:20:36","slug":"curriculo","status":"publish","type":"page","link":"https:\/\/paranaeletrica.com.br\/?page_id=183","title":{"rendered":"TRABALHE CONOSCO"},"content":{"rendered":"<p>TRABALHE CONOSCO<\/p>\n\n\n<p>Digite seu nQuer fazer parte do nosso time? Envie seu curr\u00edculo pelo formul\u00e1rio abaixo.<br>Como enviar:<\/p>\n\n\n\n<p>Preencha seus dados de contato<\/p>\n\n\n\n<p>Informe a vaga de interesse (se houver)<\/p>\n\n\n\n<p>Anexe seu curr\u00edculo (PDF, DOC ou DOCX \u2014 at\u00e9 3 MB)<\/p>\n\n\n\n<p>Ap\u00f3s o envio, seu curr\u00edculo ficar\u00e1 em nosso banco de talentos para oportunidades futuras. Caso seu perfil combine com alguma vaga, entraremos em contato.ome e email<\/p>\n\n\n\n<div class=\"wpcf7 no-js\" id=\"wpcf7-f193-o1\" lang=\"pt-BR\" dir=\"ltr\" data-wpcf7-id=\"193\">\n<div class=\"screen-reader-response\"><p role=\"status\" aria-live=\"polite\" aria-atomic=\"true\"><\/p> <ul><\/ul><\/div>\n<form action=\"\/index.php?rest_route=%2Fwp%2Fv2%2Fpages%2F183#wpcf7-f193-o1\" method=\"post\" class=\"wpcf7-form init\" aria-label=\"Formul\u00e1rios de contato\" enctype=\"multipart\/form-data\" novalidate=\"novalidate\" data-status=\"init\">\n<fieldset class=\"hidden-fields-container\"><input type=\"hidden\" name=\"_wpcf7\" value=\"193\" \/><input type=\"hidden\" name=\"_wpcf7_version\" value=\"6.1.5\" \/><input type=\"hidden\" name=\"_wpcf7_locale\" value=\"pt_BR\" \/><input type=\"hidden\" name=\"_wpcf7_unit_tag\" value=\"wpcf7-f193-o1\" \/><input type=\"hidden\" name=\"_wpcf7_container_post\" value=\"0\" \/><input type=\"hidden\" name=\"_wpcf7_posted_data_hash\" value=\"\" \/>\n<\/fieldset>\n<p><label> Seu nome<br \/>\n<span class=\"wpcf7-form-control-wrap\" data-name=\"your-name\"><input size=\"40\" maxlength=\"400\" class=\"wpcf7-form-control wpcf7-text wpcf7-validates-as-required\" autocomplete=\"name\" aria-required=\"true\" aria-invalid=\"false\" value=\"\" type=\"text\" name=\"your-name\" \/><\/span> <\/label>\n<\/p>\n<p><label> Seu e-mail<br \/>\n<span class=\"wpcf7-form-control-wrap\" data-name=\"your-email\"><input size=\"40\" maxlength=\"400\" class=\"wpcf7-form-control wpcf7-email wpcf7-validates-as-required wpcf7-text wpcf7-validates-as-email\" autocomplete=\"email\" aria-required=\"true\" aria-invalid=\"false\" value=\"\" type=\"email\" name=\"your-email\" \/><\/span> <\/label>\n<\/p>\n<p><label> Assunto<br \/>\n<span class=\"wpcf7-form-control-wrap\" data-name=\"your-subject\"><input size=\"40\" maxlength=\"400\" class=\"wpcf7-form-control wpcf7-text wpcf7-validates-as-required\" aria-required=\"true\" aria-invalid=\"false\" value=\"\" type=\"text\" name=\"your-subject\" \/><\/span> <\/label>\n<\/p>\n<p><label> Sua mensagem (opcional)<br \/>\n<span class=\"wpcf7-form-control-wrap\" data-name=\"your-message\"><textarea cols=\"40\" rows=\"10\" maxlength=\"2000\" class=\"wpcf7-form-control wpcf7-textarea\" aria-invalid=\"false\" name=\"your-message\"><\/textarea><\/span> <\/label>\n<\/p>\n<p><span class=\"wpcf7-form-control-wrap\" data-name=\"file-423\"><input size=\"40\" class=\"wpcf7-form-control wpcf7-file\" accept=\"audio\/*,video\/*,image\/*\" aria-invalid=\"false\" type=\"file\" name=\"file-423\" \/><\/span>\n<\/p>\n<p><input class=\"wpcf7-form-control wpcf7-submit has-spinner\" type=\"submit\" value=\"Enviar\" \/>\n<\/p><div class=\"wpcf7-response-output\" aria-hidden=\"true\"><\/div>\n<\/form>\n<\/div>\n\n","protected":false},"excerpt":{"rendered":"<p>TRABALHE CONOSCO Digite seu nQuer fazer parte do nosso time? Envie seu curr\u00edculo pelo formul\u00e1rio abaixo.Como enviar: Preencha seus dados de contato Informe a vaga de interesse (se houver) Anexe seu curr\u00edculo (PDF, DOC ou DOCX \u2014 at\u00e9 3 MB) Ap\u00f3s o envio, seu curr\u00edculo ficar\u00e1 em nosso banco de talentos para oportunidades futuras. Caso [&hellip;]<\/p>\n","protected":false},"author":1,"featured_media":0,"parent":0,"menu_order":0,"comment_status":"closed","ping_status":"closed","template":"","meta":{"footnotes":""},"class_list":["post-183","page","type-page","status-publish","hentry"],"post-meta-fields":{"_edit_lock":["1769716894:1"]},"_links":{"self":[{"href":"https:\/\/paranaeletrica.com.br\/index.php?rest_route=\/wp\/v2\/pages\/183","targetHints":{"allow":["GET"]}}],"collection":[{"href":"https:\/\/paranaeletrica.com.br\/index.php?rest_route=\/wp\/v2\/pages"}],"about":[{"href":"https:\/\/paranaeletrica.com.br\/index.php?rest_route=\/wp\/v2\/types\/page"}],"author":[{"embeddable":true,"href":"https:\/\/paranaeletrica.com.br\/index.php?rest_route=\/wp\/v2\/users\/1"}],"replies":[{"embeddable":true,"href":"https:\/\/paranaeletrica.com.br\/index.php?rest_route=%2Fwp%2Fv2%2Fcomments&post=183"}],"version-history":[{"count":6,"href":"https:\/\/paranaeletrica.com.br\/index.php?rest_route=\/wp\/v2\/pages\/183\/revisions"}],"predecessor-version":[{"id":198,"href":"https:\/\/paranaeletrica.com.br\/index.php?rest_route=\/wp\/v2\/pages\/183\/revisions\/198"}],"wp:attachment":[{"href":"https:\/\/paranaeletrica.com.br\/index.php?rest_route=%2Fwp%2Fv2%2Fmedia&parent=183"}],"curies":[{"name":"wp","href":"https:\/\/api.w.org\/{rel}","templated":true}]}}